{"id":35,"date":"2024-04-20T21:02:15","date_gmt":"2024-04-20T19:02:15","guid":{"rendered":"https:\/\/www.kingnuggetgang.de\/wordpress\/?page_id=35"},"modified":"2026-03-14T08:57:10","modified_gmt":"2026-03-14T07:57:10","slug":"impressum","status":"publish","type":"page","link":"https:\/\/www.kingnuggetgang.de\/wordpress\/index.php\/main\/impressum\/","title":{"rendered":"Impressum"},"content":{"rendered":"\t\t<div data-elementor-type=\"wp-page\" data-elementor-id=\"35\" class=\"elementor elementor-35\">\n\t\t\t\t<div class=\"elementor-element elementor-element-e0eb3e0 e-flex e-con-boxed e-con e-parent\" data-id=\"e0eb3e0\" data-element_type=\"container\">\n\t\t\t\t\t<div class=\"e-con-inner\">\n\t\t\t\t<div class=\"elementor-element elementor-element-748dca5 elementor-widget elementor-widget-image\" data-id=\"748dca5\" data-element_type=\"widget\" data-widget_type=\"image.default\">\n\t\t\t\t<div class=\"elementor-widget-container\">\n\t\t\t<style>\/*! elementor - v3.21.0 - 18-04-2024 *\/\n.elementor-widget-image{text-align:center}.elementor-widget-image a{display:inline-block}.elementor-widget-image a img[src$=\".svg\"]{width:48px}.elementor-widget-image img{vertical-align:middle;display:inline-block}<\/style>\t\t\t\t\t\t\t\t\t\t\t<a href=\"https:\/\/www.kingnuggetgang.de\/\">\n\t\t\t\t\t\t\t<img decoding=\"async\" width=\"150\" height=\"150\" src=\"https:\/\/www.kingnuggetgang.de\/wordpress\/wp-content\/uploads\/2024\/04\/KNG_Website_Logo-150x150.png\" class=\"attachment-thumbnail size-thumbnail wp-image-24\" alt=\"\" srcset=\"https:\/\/www.kingnuggetgang.de\/wordpress\/wp-content\/uploads\/2024\/04\/KNG_Website_Logo-150x150.png 150w, https:\/\/www.kingnuggetgang.de\/wordpress\/wp-content\/uploads\/2024\/04\/KNG_Website_Logo-300x300.png 300w, https:\/\/www.kingnuggetgang.de\/wordpress\/wp-content\/uploads\/2024\/04\/KNG_Website_Logo.png 500w\" sizes=\"(max-width: 150px) 100vw, 150px\" \/>\t\t\t\t\t\t\t\t<\/a>\n\t\t\t\t\t\t\t\t\t\t\t\t\t<\/div>\n\t\t\t\t<\/div>\n\t\t\t\t\t<\/div>\n\t\t\t\t<\/div>\n\t\t<div class=\"elementor-element elementor-element-4630ac2 e-flex e-con-boxed e-con e-parent\" data-id=\"4630ac2\" data-element_type=\"container\">\n\t\t\t\t\t<div class=\"e-con-inner\">\n\t\t\t\t<div class=\"elementor-element elementor-element-5c3fb56 elementor-widget elementor-widget-heading\" data-id=\"5c3fb56\" data-element_type=\"widget\" data-widget_type=\"heading.default\">\n\t\t\t\t<div class=\"elementor-widget-container\">\n\t\t\t<style>\/*! elementor - v3.21.0 - 18-04-2024 *\/\n.elementor-heading-title{padding:0;margin:0;line-height:1}.elementor-widget-heading .elementor-heading-title[class*=elementor-size-]>a{color:inherit;font-size:inherit;line-height:inherit}.elementor-widget-heading .elementor-heading-title.elementor-size-small{font-size:15px}.elementor-widget-heading .elementor-heading-title.elementor-size-medium{font-size:19px}.elementor-widget-heading .elementor-heading-title.elementor-size-large{font-size:29px}.elementor-widget-heading .elementor-heading-title.elementor-size-xl{font-size:39px}.elementor-widget-heading .elementor-heading-title.elementor-size-xxl{font-size:59px}<\/style><h3 class=\"elementor-heading-title elementor-size-default\">Impressum<\/h3>\t\t<\/div>\n\t\t\t\t<\/div>\n\t\t\t\t\t<\/div>\n\t\t\t\t<\/div>\n\t\t<div class=\"elementor-element elementor-element-458edab e-flex e-con-boxed e-con e-parent\" data-id=\"458edab\" data-element_type=\"container\">\n\t\t\t\t\t<div class=\"e-con-inner\">\n\t\t\t\t<div class=\"elementor-element elementor-element-3ebd52c elementor-widget elementor-widget-text-editor\" data-id=\"3ebd52c\" data-element_type=\"widget\" data-widget_type=\"text-editor.default\">\n\t\t\t\t<div class=\"elementor-widget-container\">\n\t\t\t<style>\/*! elementor - v3.21.0 - 18-04-2024 *\/\n.elementor-widget-text-editor.elementor-drop-cap-view-stacked .elementor-drop-cap{background-color:#69727d;color:#fff}.elementor-widget-text-editor.elementor-drop-cap-view-framed .elementor-drop-cap{color:#69727d;border:3px solid;background-color:transparent}.elementor-widget-text-editor:not(.elementor-drop-cap-view-default) .elementor-drop-cap{margin-top:8px}.elementor-widget-text-editor:not(.elementor-drop-cap-view-default) .elementor-drop-cap-letter{width:1em;height:1em}.elementor-widget-text-editor .elementor-drop-cap{float:left;text-align:center;line-height:1;font-size:50px}.elementor-widget-text-editor .elementor-drop-cap-letter{display:inline-block}<\/style>\t\t\t\t<h4>Angaben gem\u00e4\u00df \u00a7 5 TMG<\/h4>\n<p>King Nugget Gang Sch\u00fctz GbR<br>Haardtstra\u00dfe 2<br>67161 G\u00f6nnheim<\/p>\n<p>Vertreten durch:<br>Maximilian Sch\u00fctz, Marcus Ulbrich, Lukas Junk<\/p><p><br><\/p>\n<p><b>Kontakt<\/b><\/p>\n<p>E-Mail: info@kingnuggetgang.de<\/p>\n<h4>Redaktionell verantwortlich<\/h4>\n<p>King Nugget Gang Sch\u00fctz GbR<br>Haardtstra\u00dfe 2<br>67161 G\u00f6nnheim<\/p><p><br><\/p>\n<p><\/p>\n<p><strong>Quelle:<\/strong>&nbsp;<a href=\"https:\/\/www.e-recht24.de\/\">eRecht24<\/a><\/p>\t\t\t\t\t\t<\/div>\n\t\t\t\t<\/div>\n\t\t\t\t\t<\/div>\n\t\t\t\t<\/div>\n\t\t\t\t<\/div>\n\t\t","protected":false},"excerpt":{"rendered":"<p>Impressum Angaben gem\u00e4\u00df \u00a7 5 TMG King Nugget Gang Sch\u00fctz GbRHaardtstra\u00dfe 267161 G\u00f6nnheim Vertreten durch:Maximilian Sch\u00fctz, Marcus Ulbrich, Lukas Junk Kontakt E-Mail: info@kingnuggetgang.de Redaktionell verantwortlich King Nugget Gang Sch\u00fctz GbRHaardtstra\u00dfe 267161 G\u00f6nnheim Quelle:&nbsp;eRecht24<\/p>\n","protected":false},"author":1,"featured_media":0,"parent":11,"menu_order":0,"comment_status":"closed","ping_status":"closed","template":"","meta":{"footnotes":""},"_links":{"self":[{"href":"https:\/\/www.kingnuggetgang.de\/wordpress\/index.php\/wp-json\/wp\/v2\/pages\/35"}],"collection":[{"href":"https:\/\/www.kingnuggetgang.de\/wordpress\/index.php\/wp-json\/wp\/v2\/pages"}],"about":[{"href":"https:\/\/www.kingnuggetgang.de\/wordpress\/index.php\/wp-json\/wp\/v2\/types\/page"}],"author":[{"embeddable":true,"href":"https:\/\/www.kingnuggetgang.de\/wordpress\/index.php\/wp-json\/wp\/v2\/users\/1"}],"replies":[{"embeddable":true,"href":"https:\/\/www.kingnuggetgang.de\/wordpress\/index.php\/wp-json\/wp\/v2\/comments?post=35"}],"version-history":[{"count":12,"href":"https:\/\/www.kingnuggetgang.de\/wordpress\/index.php\/wp-json\/wp\/v2\/pages\/35\/revisions"}],"predecessor-version":[{"id":151,"href":"https:\/\/www.kingnuggetgang.de\/wordpress\/index.php\/wp-json\/wp\/v2\/pages\/35\/revisions\/151"}],"up":[{"embeddable":true,"href":"https:\/\/www.kingnuggetgang.de\/wordpress\/index.php\/wp-json\/wp\/v2\/pages\/11"}],"wp:attachment":[{"href":"https:\/\/www.kingnuggetgang.de\/wordpress\/index.php\/wp-json\/wp\/v2\/media?parent=35"}],"curies":[{"name":"wp","href":"https:\/\/api.w.org\/{rel}","templated":true}]}}